{"id":72,"date":"2024-10-10T20:26:22","date_gmt":"2024-10-10T20:26:22","guid":{"rendered":"http:\/\/20.12.222.199\/paneles\/wordpress\/?page_id=72"},"modified":"2025-05-13T19:06:12","modified_gmt":"2025-05-13T19:06:12","slug":"services","status":"publish","type":"page","link":"https:\/\/www.tresg3.com.mx\/?page_id=72","title":{"rendered":"Servicios"},"content":{"rendered":"\t\t<div data-elementor-type=\"wp-post\" data-elementor-id=\"72\" class=\"elementor elementor-72\">\n\t\t\t\t<div class=\"elementor-element elementor-element-0055f32 e-flex e-con-boxed e-con e-parent\" data-id=\"0055f32\" data-element_type=\"container\" data-settings=\"{&quot;background_background&quot;:&quot;classic&quot;}\">\n\t\t\t\t\t<div class=\"e-con-inner\">\n\t\t<div class=\"elementor-element elementor-element-570b5e6 e-con-full e-flex e-con e-child\" data-id=\"570b5e6\" data-element_type=\"container\" data-settings=\"{&quot;background_background&quot;:&quot;classic&quot;}\">\n\t\t\t\t<div class=\"elementor-element elementor-element-51e8820 elementor-widget elementor-widget-heading\" data-id=\"51e8820\" data-element_type=\"widget\" data-widget_type=\"heading.default\">\n\t\t\t\t<div class=\"elementor-widget-container\">\n\t\t\t<h1 class=\"elementor-heading-title elementor-size-default\">Nuestros Servicios<\/h1>\t\t<\/div>\n\t\t\t\t<\/div>\n\t\t\t\t<\/div>\n\t\t\t\t\t<\/div>\n\t\t\t\t<\/div>\n\t\t<div class=\"elementor-element elementor-element-c82a5e3 e-flex e-con-boxed e-con e-parent\" data-id=\"c82a5e3\" data-element_type=\"container\">\n\t\t\t\t\t<div class=\"e-con-inner\">\n\t\t<div class=\"elementor-element elementor-element-4affcdc e-con-full e-flex e-con e-child\" data-id=\"4affcdc\" data-element_type=\"container\">\n\t\t\t\t<div class=\"elementor-element elementor-element-3b06317 elementor-widget elementor-widget-heading\" data-id=\"3b06317\" data-element_type=\"widget\" data-widget_type=\"heading.default\">\n\t\t\t\t<div class=\"elementor-widget-container\">\n\t\t\t<h2 class=\"elementor-heading-title elementor-size-default\">Nuestros Servicios<\/h2>\t\t<\/div>\n\t\t\t\t<\/div>\n\t\t\t\t<div class=\"elementor-element elementor-element-5fedf65 elementor-widget-divider--view-line elementor-widget elementor-widget-divider\" data-id=\"5fedf65\" data-element_type=\"widget\" data-widget_type=\"divider.default\">\n\t\t\t\t<div class=\"elementor-widget-container\">\n\t\t\t\t\t<div class=\"elementor-divider\">\n\t\t\t<span class=\"elementor-divider-separator\">\n\t\t\t\t\t\t<\/span>\n\t\t<\/div>\n\t\t\t\t<\/div>\n\t\t\t\t<\/div>\n\t\t\t\t<div class=\"elementor-element elementor-element-e46e090 elementor-widget elementor-widget-text-editor\" data-id=\"e46e090\" data-element_type=\"widget\" data-widget_type=\"text-editor.default\">\n\t\t\t\t<div class=\"elementor-widget-container\">\n\t\t\t\t\t\t\t<p>En 3G3, ofrecemos una amplia gama de servicios especializados en arquitectura y dise\u00f1o, ingenier\u00eda, energ\u00edas renovables, instalaciones el\u00e9ctricas e iluminaci\u00f3n, instalaciones hidrosanitarias y mantenimiento. Con un enfoque en soluciones integrales, estamos comprometidos a proporcionar soluciones.<\/p>\t\t\t\t\t\t<\/div>\n\t\t\t\t<\/div>\n\t\t<div class=\"elementor-element elementor-element-fb867ea e-con-full e-flex e-con e-child\" data-id=\"fb867ea\" data-element_type=\"container\">\n\t\t<div class=\"elementor-element elementor-element-37158ba e-con-full e-flex e-con e-child\" data-id=\"37158ba\" data-element_type=\"container\">\n\t\t\t\t<div class=\"elementor-element elementor-element-25a7cc6 elementor-widget elementor-widget-image\" data-id=\"25a7cc6\" data-element_type=\"widget\" data-widget_type=\"image.default\">\n\t\t\t\t<div class=\"elementor-widget-container\">\n\t\t\t\t\t\t\t\t\t\t\t\t\t<img decoding=\"async\" src=\"https:\/\/www.tresg3.com.mx\/wp-content\/uploads\/elementor\/thumbs\/REN_4-Photo-qw8a2go2rwa0112cb8yti7szebmj5qwepk9n2lfth6.jpg\" title=\"REN_4 &#8211; Photo\" alt=\"\" loading=\"lazy\" \/>\t\t\t\t\t\t\t\t\t\t\t\t\t<\/div>\n\t\t\t\t<\/div>\n\t\t\t\t<\/div>\n\t\t<div class=\"elementor-element elementor-element-c3cad91 e-con-full e-flex e-con e-child\" data-id=\"c3cad91\" data-element_type=\"container\">\n\t\t\t\t<div class=\"elementor-element elementor-element-d503a87 elementor-widget elementor-widget-heading\" data-id=\"d503a87\" data-element_type=\"widget\" data-widget_type=\"heading.default\">\n\t\t\t\t<div class=\"elementor-widget-container\">\n\t\t\t<h3 class=\"elementor-heading-title elementor-size-default\">Arquitectura y Dise\u00f1o Sustentable<\/h3>\t\t<\/div>\n\t\t\t\t<\/div>\n\t\t\t\t<div class=\"elementor-element elementor-element-27fc086 elementor-widget-divider--view-line elementor-widget elementor-widget-divider\" data-id=\"27fc086\" data-element_type=\"widget\" data-widget_type=\"divider.default\">\n\t\t\t\t<div class=\"elementor-widget-container\">\n\t\t\t\t\t<div class=\"elementor-divider\">\n\t\t\t<span class=\"elementor-divider-separator\">\n\t\t\t\t\t\t<\/span>\n\t\t<\/div>\n\t\t\t\t<\/div>\n\t\t\t\t<\/div>\n\t\t\t\t<div class=\"elementor-element elementor-element-350d998 elementor-widget elementor-widget-text-editor\" data-id=\"350d998\" data-element_type=\"widget\" data-widget_type=\"text-editor.default\">\n\t\t\t\t<div class=\"elementor-widget-container\">\n\t\t\t\t\t\t\t<p>Ofrecemos soluciones de dise\u00f1o que no solo son est\u00e9ticamente agradables, sino tambi\u00e9n altamente funcionales y eficientes energ\u00e9ticamente. Nuestro equipo de expertos dise\u00f1a edificios inteligentes que integran iluminaci\u00f3n automatizada y tecnolog\u00edas avanzadas.<\/p>\t\t\t\t\t\t<\/div>\n\t\t\t\t<\/div>\n\t\t\t\t<\/div>\n\t\t\t\t<\/div>\n\t\t<div class=\"elementor-element elementor-element-d99a3ab e-con-full e-flex e-con e-child\" data-id=\"d99a3ab\" data-element_type=\"container\">\n\t\t<div class=\"elementor-element elementor-element-e252133 e-con-full e-flex e-con e-child\" data-id=\"e252133\" data-element_type=\"container\">\n\t\t\t\t<div class=\"elementor-element elementor-element-7bbbfc8 elementor-widget elementor-widget-image\" data-id=\"7bbbfc8\" data-element_type=\"widget\" data-widget_type=\"image.default\">\n\t\t\t\t<div class=\"elementor-widget-container\">\n\t\t\t\t\t\t\t\t\t\t\t\t\t<img decoding=\"async\" src=\"https:\/\/www.tresg3.com.mx\/wp-content\/uploads\/elementor\/thumbs\/WhatsApp-Image-2024-09-02-at-15.15.34-qw8b08z8fij1cfzl0uq24ovg2x3hu312osfy2ncdtm.jpeg\" title=\"WhatsApp Image 2024-09-02 at 15.15.34\" alt=\"\" loading=\"lazy\" \/>\t\t\t\t\t\t\t\t\t\t\t\t\t<\/div>\n\t\t\t\t<\/div>\n\t\t\t\t<\/div>\n\t\t<div class=\"elementor-element elementor-element-98bb880 e-con-full e-flex e-con e-child\" data-id=\"98bb880\" data-element_type=\"container\">\n\t\t\t\t<div class=\"elementor-element elementor-element-beea1eb elementor-widget elementor-widget-heading\" data-id=\"beea1eb\" data-element_type=\"widget\" data-widget_type=\"heading.default\">\n\t\t\t\t<div class=\"elementor-widget-container\">\n\t\t\t<h3 class=\"elementor-heading-title elementor-size-default\">Instalaciones El\u00e9ctricas e Iluminaci\u00f3n<\/h3>\t\t<\/div>\n\t\t\t\t<\/div>\n\t\t\t\t<div class=\"elementor-element elementor-element-b022992 elementor-widget-divider--view-line elementor-widget elementor-widget-divider\" data-id=\"b022992\" data-element_type=\"widget\" data-widget_type=\"divider.default\">\n\t\t\t\t<div class=\"elementor-widget-container\">\n\t\t\t\t\t<div class=\"elementor-divider\">\n\t\t\t<span class=\"elementor-divider-separator\">\n\t\t\t\t\t\t<\/span>\n\t\t<\/div>\n\t\t\t\t<\/div>\n\t\t\t\t<\/div>\n\t\t\t\t<div class=\"elementor-element elementor-element-9a49a32 elementor-widget elementor-widget-text-editor\" data-id=\"9a49a32\" data-element_type=\"widget\" data-widget_type=\"text-editor.default\">\n\t\t\t\t<div class=\"elementor-widget-container\">\n\t\t\t\t\t\t\t<p>Nuestra iluminaci\u00f3n mejora la funcionalidad y el ambiente de cualquier espacio. Con sistemas el\u00e9ctricos avanzados e iluminaci\u00f3n inteligente, garantizamos la m\u00e1xima eficiencia y seguridad.<\/p>\t\t\t\t\t\t<\/div>\n\t\t\t\t<\/div>\n\t\t\t\t<\/div>\n\t\t\t\t<\/div>\n\t\t<div class=\"elementor-element elementor-element-8e934f2 e-con-full e-flex e-con e-child\" data-id=\"8e934f2\" data-element_type=\"container\">\n\t\t<div class=\"elementor-element elementor-element-4f971a9 e-con-full e-flex e-con e-child\" data-id=\"4f971a9\" data-element_type=\"container\">\n\t\t\t\t<div class=\"elementor-element elementor-element-3893dbf elementor-widget elementor-widget-image\" data-id=\"3893dbf\" data-element_type=\"widget\" data-widget_type=\"image.default\">\n\t\t\t\t<div class=\"elementor-widget-container\">\n\t\t\t\t\t\t\t\t\t\t\t\t\t<img decoding=\"async\" src=\"https:\/\/www.tresg3.com.mx\/wp-content\/uploads\/elementor\/thumbs\/WhatsApp-Image-2024-09-02-at-15.12.45-qw8an5494ol3g70zk6rcczy1vhp8i0ztjwy75qs0l6.jpeg\" title=\"WhatsApp Image 2024-09-02 at 15.12.45\" alt=\"\" loading=\"lazy\" \/>\t\t\t\t\t\t\t\t\t\t\t\t\t<\/div>\n\t\t\t\t<\/div>\n\t\t\t\t<\/div>\n\t\t<div class=\"elementor-element elementor-element-6e08103 e-con-full e-flex e-con e-child\" data-id=\"6e08103\" data-element_type=\"container\">\n\t\t\t\t<div class=\"elementor-element elementor-element-f233834 elementor-widget elementor-widget-heading\" data-id=\"f233834\" data-element_type=\"widget\" data-widget_type=\"heading.default\">\n\t\t\t\t<div class=\"elementor-widget-container\">\n\t\t\t<h3 class=\"elementor-heading-title elementor-size-default\">Proyectos de Ingenier\u00eda<\/h3>\t\t<\/div>\n\t\t\t\t<\/div>\n\t\t\t\t<div class=\"elementor-element elementor-element-c33e72b elementor-widget-divider--view-line elementor-widget elementor-widget-divider\" data-id=\"c33e72b\" data-element_type=\"widget\" data-widget_type=\"divider.default\">\n\t\t\t\t<div class=\"elementor-widget-container\">\n\t\t\t\t\t<div class=\"elementor-divider\">\n\t\t\t<span class=\"elementor-divider-separator\">\n\t\t\t\t\t\t<\/span>\n\t\t<\/div>\n\t\t\t\t<\/div>\n\t\t\t\t<\/div>\n\t\t\t\t<div class=\"elementor-element elementor-element-8b53fb7 elementor-widget elementor-widget-text-editor\" data-id=\"8b53fb7\" data-element_type=\"widget\" data-widget_type=\"text-editor.default\">\n\t\t\t\t<div class=\"elementor-widget-container\">\n\t\t\t\t\t\t\t<p><span style=\"font-weight: 400;\">Desarrollamos memorias de c\u00e1lculo precisas y detalladas para asegurar que cada proyecto cumpla con la normativa y se realice de acuerdo con los m\u00e1s altos est\u00e1ndares de calidad. Nuestros ingenieros trabajan en estrecha colaboraci\u00f3n con los arquitectos para crear soluciones integrales y eficientes.<\/span><\/p>\t\t\t\t\t\t<\/div>\n\t\t\t\t<\/div>\n\t\t\t\t<\/div>\n\t\t\t\t<\/div>\n\t\t<div class=\"elementor-element elementor-element-ea52211 e-con-full e-flex e-con e-child\" data-id=\"ea52211\" data-element_type=\"container\">\n\t\t<div class=\"elementor-element elementor-element-146c060 e-con-full e-flex e-con e-child\" data-id=\"146c060\" data-element_type=\"container\">\n\t\t\t\t<div class=\"elementor-element elementor-element-c1a8447 elementor-widget elementor-widget-image\" data-id=\"c1a8447\" data-element_type=\"widget\" data-widget_type=\"image.default\">\n\t\t\t\t<div class=\"elementor-widget-container\">\n\t\t\t\t\t\t\t\t\t\t\t\t\t<img decoding=\"async\" src=\"https:\/\/www.tresg3.com.mx\/wp-content\/uploads\/elementor\/thumbs\/REN_12-Photo-qvetu4sy86pmsyoyjs14cv0xe6gphr9zpvdmhu02re.jpg\" title=\"HOME1\" alt=\"\" loading=\"lazy\" \/>\t\t\t\t\t\t\t\t\t\t\t\t\t<\/div>\n\t\t\t\t<\/div>\n\t\t\t\t<\/div>\n\t\t<div class=\"elementor-element elementor-element-0e431bb e-con-full e-flex e-con e-child\" data-id=\"0e431bb\" data-element_type=\"container\">\n\t\t\t\t<div class=\"elementor-element elementor-element-1c177ba elementor-widget elementor-widget-heading\" data-id=\"1c177ba\" data-element_type=\"widget\" data-widget_type=\"heading.default\">\n\t\t\t\t<div class=\"elementor-widget-container\">\n\t\t\t<h3 class=\"elementor-heading-title elementor-size-default\">Instalaciones Hidrosanitarias<\/h3>\t\t<\/div>\n\t\t\t\t<\/div>\n\t\t\t\t<div class=\"elementor-element elementor-element-a378708 elementor-widget-divider--view-line elementor-widget elementor-widget-divider\" data-id=\"a378708\" data-element_type=\"widget\" data-widget_type=\"divider.default\">\n\t\t\t\t<div class=\"elementor-widget-container\">\n\t\t\t\t\t<div class=\"elementor-divider\">\n\t\t\t<span class=\"elementor-divider-separator\">\n\t\t\t\t\t\t<\/span>\n\t\t<\/div>\n\t\t\t\t<\/div>\n\t\t\t\t<\/div>\n\t\t\t\t<div class=\"elementor-element elementor-element-dbaa727 elementor-widget elementor-widget-text-editor\" data-id=\"dbaa727\" data-element_type=\"widget\" data-widget_type=\"text-editor.default\">\n\t\t\t\t<div class=\"elementor-widget-container\">\n\t\t\t\t\t\t\t<p>Nuestras instalaciones hidrosanitarias est\u00e1n dise\u00f1adas para ser eficientes y duraderas. Proveemos soluciones completas para la gesti\u00f3n del agua.<\/p>\t\t\t\t\t\t<\/div>\n\t\t\t\t<\/div>\n\t\t\t\t<\/div>\n\t\t\t\t<\/div>\n\t\t<div class=\"elementor-element elementor-element-9c18c05 e-con-full e-flex e-con e-child\" data-id=\"9c18c05\" data-element_type=\"container\">\n\t\t<div class=\"elementor-element elementor-element-97abbec e-con-full e-flex e-con e-child\" data-id=\"97abbec\" data-element_type=\"container\">\n\t\t\t\t<div class=\"elementor-element elementor-element-0a4046b elementor-widget__width-initial elementor-widget elementor-widget-video\" data-id=\"0a4046b\" data-element_type=\"widget\" data-settings=\"{&quot;video_type&quot;:&quot;hosted&quot;,&quot;controls&quot;:&quot;yes&quot;}\" data-widget_type=\"video.default\">\n\t\t\t\t<div class=\"elementor-widget-container\">\n\t\t\t\t\t<div class=\"e-hosted-video elementor-wrapper elementor-open-inline\">\n\t\t\t\t\t<video class=\"elementor-video\" src=\"https:\/\/www.tresg3.com.mx\/wp-content\/uploads\/2024\/10\/construccion.mp4\" controls=\"\" preload=\"metadata\" controlsList=\"nodownload\" poster=\"http:\/\/20.12.222.199\/paneles\/wordpress\/wp-content\/uploads\/2024\/10\/REN_1-Photo-2.jpg\"><\/video>\n\t\t\t\t<\/div>\n\t\t\t\t<\/div>\n\t\t\t\t<\/div>\n\t\t\t\t<\/div>\n\t\t<div class=\"elementor-element elementor-element-85728ec e-con-full e-flex e-con e-child\" data-id=\"85728ec\" data-element_type=\"container\">\n\t\t\t\t<div class=\"elementor-element elementor-element-f6dfea0 elementor-widget elementor-widget-heading\" data-id=\"f6dfea0\" data-element_type=\"widget\" data-widget_type=\"heading.default\">\n\t\t\t\t<div class=\"elementor-widget-container\">\n\t\t\t<h3 class=\"elementor-heading-title elementor-size-default\">Mantenimiento y Remodelaci\u00f3n<\/h3>\t\t<\/div>\n\t\t\t\t<\/div>\n\t\t\t\t<div class=\"elementor-element elementor-element-b62a778 elementor-widget-divider--view-line elementor-widget elementor-widget-divider\" data-id=\"b62a778\" data-element_type=\"widget\" data-widget_type=\"divider.default\">\n\t\t\t\t<div class=\"elementor-widget-container\">\n\t\t\t\t\t<div class=\"elementor-divider\">\n\t\t\t<span class=\"elementor-divider-separator\">\n\t\t\t\t\t\t<\/span>\n\t\t<\/div>\n\t\t\t\t<\/div>\n\t\t\t\t<\/div>\n\t\t\t\t<div class=\"elementor-element elementor-element-b26d0be elementor-widget elementor-widget-text-editor\" data-id=\"b26d0be\" data-element_type=\"widget\" data-widget_type=\"text-editor.default\">\n\t\t\t\t<div class=\"elementor-widget-container\">\n\t\t\t\t\t\t\t<p><span style=\"font-weight: 400;\">Ofrecemos servicios de remodelaci\u00f3n y reacondicionamiento para mantener sus instalaciones en \u00f3ptimas condiciones. Nuestro equipo se dedica a asegurar que cada espacio se mantenga funcional, seguro y eficiente.<\/span><\/p>\t\t\t\t\t\t<\/div>\n\t\t\t\t<\/div>\n\t\t\t\t<\/div>\n\t\t\t\t<\/div>\n\t\t<div class=\"elementor-element elementor-element-8392c3d e-con-full e-flex e-con e-child\" data-id=\"8392c3d\" data-element_type=\"container\">\n\t\t<div class=\"elementor-element elementor-element-3c0aed0 e-con-full e-flex e-con e-child\" data-id=\"3c0aed0\" data-element_type=\"container\">\n\t\t\t\t<div class=\"elementor-element elementor-element-64b59f7 elementor-widget__width-initial elementor-widget elementor-widget-video\" data-id=\"64b59f7\" data-element_type=\"widget\" data-settings=\"{&quot;video_type&quot;:&quot;hosted&quot;,&quot;autoplay&quot;:&quot;yes&quot;,&quot;mute&quot;:&quot;yes&quot;,&quot;controls&quot;:&quot;yes&quot;}\" data-widget_type=\"video.default\">\n\t\t\t\t<div class=\"elementor-widget-container\">\n\t\t\t\t\t<div class=\"e-hosted-video elementor-wrapper elementor-open-inline\">\n\t\t\t\t\t<video class=\"elementor-video\" src=\"https:\/\/www.tresg3.com.mx\/wp-content\/uploads\/2024\/10\/paneles.mp4\" autoplay=\"\" controls=\"\" muted=\"muted\" controlsList=\"nodownload\" poster=\"http:\/\/20.12.222.199\/paneles\/wordpress\/wp-content\/uploads\/2024\/10\/DJI_0016.png\"><\/video>\n\t\t\t\t<\/div>\n\t\t\t\t<\/div>\n\t\t\t\t<\/div>\n\t\t\t\t<\/div>\n\t\t<div class=\"elementor-element elementor-element-ac30de7 e-con-full e-flex e-con e-child\" data-id=\"ac30de7\" data-element_type=\"container\">\n\t\t\t\t<div class=\"elementor-element elementor-element-14c92a2 elementor-widget elementor-widget-heading\" data-id=\"14c92a2\" data-element_type=\"widget\" data-widget_type=\"heading.default\">\n\t\t\t\t<div class=\"elementor-widget-container\">\n\t\t\t<h3 class=\"elementor-heading-title elementor-size-default\">Energ\u00edas Renovables<\/h3>\t\t<\/div>\n\t\t\t\t<\/div>\n\t\t\t\t<div class=\"elementor-element elementor-element-9f14084 elementor-widget-divider--view-line elementor-widget elementor-widget-divider\" data-id=\"9f14084\" data-element_type=\"widget\" data-widget_type=\"divider.default\">\n\t\t\t\t<div class=\"elementor-widget-container\">\n\t\t\t\t\t<div class=\"elementor-divider\">\n\t\t\t<span class=\"elementor-divider-separator\">\n\t\t\t\t\t\t<\/span>\n\t\t<\/div>\n\t\t\t\t<\/div>\n\t\t\t\t<\/div>\n\t\t\t\t<div class=\"elementor-element elementor-element-2277335 elementor-widget elementor-widget-text-editor\" data-id=\"2277335\" data-element_type=\"widget\" data-widget_type=\"text-editor.default\">\n\t\t\t\t<div class=\"elementor-widget-container\">\n\t\t\t\t\t\t\t<p><span style=\"font-weight: 400;\">Implementamos paneles solares y sistemas de captaci\u00f3n de agua de lluvia para aprovechar las energ\u00edas limpias y reducir la huella ambiental. Nuestras soluciones en energ\u00edas renovables est\u00e1n dise\u00f1adas para proporcionar una fuente de energ\u00eda sostenible y econ\u00f3mica.<\/span><\/p>\t\t\t\t\t\t<\/div>\n\t\t\t\t<\/div>\n\t\t\t\t<\/div>\n\t\t\t\t<\/div>\n\t\t\t\t<\/div>\n\t\t\t\t\t<\/div>\n\t\t\t\t<\/div>\n\t\t<div class=\"elementor-element elementor-element-195e437 e-flex e-con-boxed e-con e-parent\" data-id=\"195e437\" data-element_type=\"container\" data-settings=\"{&quot;background_background&quot;:&quot;classic&quot;}\">\n\t\t\t\t\t<div class=\"e-con-inner\">\n\t\t<div class=\"elementor-element elementor-element-d85f752 e-con-full e-flex e-con e-child\" data-id=\"d85f752\" data-element_type=\"container\">\n\t\t\t\t<div class=\"elementor-element elementor-element-168497a elementor-widget-divider--view-line elementor-widget elementor-widget-divider\" data-id=\"168497a\" data-element_type=\"widget\" data-widget_type=\"divider.default\">\n\t\t\t\t<div class=\"elementor-widget-container\">\n\t\t\t\t\t<div class=\"elementor-divider\">\n\t\t\t<span class=\"elementor-divider-separator\">\n\t\t\t\t\t\t<\/span>\n\t\t<\/div>\n\t\t\t\t<\/div>\n\t\t\t\t<\/div>\n\t\t\t\t<div class=\"elementor-element elementor-element-b981fce elementor-widget elementor-widget-heading\" data-id=\"b981fce\" data-element_type=\"widget\" data-widget_type=\"heading.default\">\n\t\t\t\t<div class=\"elementor-widget-container\">\n\t\t\t<h2 class=\"elementor-heading-title elementor-size-default\">\u00a1Cont\u00e1ctanos hoy!<\/h2>\t\t<\/div>\n\t\t\t\t<\/div>\n\t\t\t\t<div class=\"elementor-element elementor-element-9982406 elementor-widget elementor-widget-text-editor\" data-id=\"9982406\" data-element_type=\"widget\" data-widget_type=\"text-editor.default\">\n\t\t\t\t<div class=\"elementor-widget-container\">\n\t\t\t\t\t\t\t<p><span style=\"font-weight: 400;\">\u00bfListo para transformar tu espacio con nuestras innovadoras soluciones?\u00a0<\/span><span style=\"font-style: inherit; color: var( --e-global-color-astglobalcolor5 );\">Solicita una visita gratuita y descubre c\u00f3mo podemos ayudarte a crear un ambiente m\u00e1s eficiente y sostenible.<\/span><\/p>\t\t\t\t\t\t<\/div>\n\t\t\t\t<\/div>\n\t\t\t\t<div class=\"elementor-element elementor-element-e0369fa elementor-icon-list--layout-inline elementor-align-center elementor-list-item-link-full_width elementor-widget elementor-widget-icon-list\" data-id=\"e0369fa\" data-element_type=\"widget\" data-widget_type=\"icon-list.default\">\n\t\t\t\t<div class=\"elementor-widget-container\">\n\t\t\t\t\t<ul class=\"elementor-icon-list-items elementor-inline-items\">\n\t\t\t\t\t\t\t<li class=\"elementor-icon-list-item elementor-inline-item\">\n\t\t\t\t\t\t\t\t\t\t\t<span class=\"elementor-icon-list-icon\">\n\t\t\t\t\t\t\t<svg aria-hidden=\"true\" class=\"e-font-icon-svg e-fas-phone\" viewBox=\"0 0 512 512\" xmlns=\"http:\/\/www.w3.org\/2000\/svg\"><path d=\"M493.4 24.6l-104-24c-11.3-2.6-22.9 3.3-27.5 13.9l-48 112c-4.2 9.8-1.4 21.3 6.9 28l60.6 49.6c-36 76.7-98.9 140.5-177.2 177.2l-49.6-60.6c-6.8-8.3-18.2-11.1-28-6.9l-112 48C3.9 366.5-2 378.1.6 389.4l24 104C27.1 504.2 36.7 512 48 512c256.1 0 464-207.5 464-464 0-11.2-7.7-20.9-18.6-23.4z\"><\/path><\/svg>\t\t\t\t\t\t<\/span>\n\t\t\t\t\t\t\t\t\t\t<span class=\"elementor-icon-list-text\">55 37497 626<\/span>\n\t\t\t\t\t\t\t\t\t<\/li>\n\t\t\t\t\t\t<\/ul>\n\t\t\t\t<\/div>\n\t\t\t\t<\/div>\n\t\t\t\t<div class=\"elementor-element elementor-element-06e8b09 elementor-widget elementor-widget-spacer\" data-id=\"06e8b09\" data-element_type=\"widget\" data-widget_type=\"spacer.default\">\n\t\t\t\t<div class=\"elementor-widget-container\">\n\t\t\t\t\t<div class=\"elementor-spacer\">\n\t\t\t<div class=\"elementor-spacer-inner\"><\/div>\n\t\t<\/div>\n\t\t\t\t<\/div>\n\t\t\t\t<\/div>\n\t\t\t\t<\/div>\n\t\t\t\t\t<\/div>\n\t\t\t\t<\/div>\n\t\t\t\t<\/div>\n\t\t","protected":false},"excerpt":{"rendered":"<p>Nuestros Servicios Nuestros Servicios En 3G3, ofrecemos una amplia gama de servicios especializados en arquitectura y dise\u00f1o, ingenier\u00eda, energ\u00edas renovables, [&hellip;]<\/p>\n","protected":false},"author":1,"featured_media":0,"parent":0,"menu_order":0,"comment_status":"closed","ping_status":"closed","template":"","meta":{"_uag_custom_page_level_css":"","site-sidebar-layout":"no-sidebar","site-content-layout":"page-builder","ast-site-content-layout":"","site-content-style":"default","site-sidebar-style":"default","ast-global-header-display":"","ast-banner-title-visibility":"","ast-main-header-display":"","ast-hfb-above-header-display":"","ast-hfb-below-header-display":"","ast-hfb-mobile-header-display":"","site-post-title":"disabled","ast-breadcrumbs-content":"","ast-featured-img":"disabled","footer-sml-layout":"","theme-transparent-header-meta":"enabled","adv-header-id-meta":"","stick-header-meta":"","header-above-stick-meta":"","header-main-stick-meta":"","header-below-stick-meta":"","astra-migrate-meta-layouts":"default","ast-page-background-enabled":"default","ast-page-background-meta":{"desktop":{"background-color":"","background-image":"","background-repeat":"repeat","background-position":"center center","background-size":"auto","background-attachment":"scroll","background-type":"","background-media":"","overlay-type":"","overlay-color":"","overlay-opacity":"","overlay-gradient":""},"tablet":{"background-color":"","background-image":"","background-repeat":"repeat","background-position":"center center","background-size":"auto","background-attachment":"scroll","background-type":"","background-media":"","overlay-type":"","overlay-color":"","overlay-opacity":"","overlay-gradient":""},"mobile":{"background-color":"","background-image":"","background-repeat":"repeat","background-position":"center center","background-size":"auto","background-attachment":"scroll","background-type":"","background-media":"","overlay-type":"","overlay-color":"","overlay-opacity":"","overlay-gradient":""}},"ast-content-background-meta":{"desktop":{"background-color":"var(--ast-global-color-5)","background-image":"","background-repeat":"repeat","background-position":"center center","background-size":"auto","background-attachment":"scroll","background-type":"","background-media":"","overlay-type":"","overlay-color":"","overlay-opacity":"","overlay-gradient":""},"tablet":{"background-color":"var(--ast-global-color-5)","background-image":"","background-repeat":"repeat","background-position":"center center","background-size":"auto","background-attachment":"scroll","background-type":"","background-media":"","overlay-type":"","overlay-color":"","overlay-opacity":"","overlay-gradient":""},"mobile":{"background-color":"var(--ast-global-color-5)","background-image":"","background-repeat":"repeat","background-position":"center center","background-size":"auto","background-attachment":"scroll","background-type":"","background-media":"","overlay-type":"","overlay-color":"","overlay-opacity":"","overlay-gradient":""}},"footnotes":""},"class_list":["post-72","page","type-page","status-publish","hentry"],"uagb_featured_image_src":{"full":false,"thumbnail":false,"medium":false,"medium_large":false,"large":false,"1536x1536":false,"2048x2048":false},"uagb_author_info":{"display_name":"3dg4r3g3Ing","author_link":"https:\/\/www.tresg3.com.mx\/?author=1"},"uagb_comment_info":0,"uagb_excerpt":"Nuestros Servicios Nuestros Servicios En 3G3, ofrecemos una amplia gama de servicios especializados en arquitectura y dise\u00f1o, ingenier\u00eda, energ\u00edas renovables, [&hellip;]","_links":{"self":[{"href":"https:\/\/www.tresg3.com.mx\/index.php?rest_route=\/wp\/v2\/pages\/72","targetHints":{"allow":["GET"]}}],"collection":[{"href":"https:\/\/www.tresg3.com.mx\/index.php?rest_route=\/wp\/v2\/pages"}],"about":[{"href":"https:\/\/www.tresg3.com.mx\/index.php?rest_route=\/wp\/v2\/types\/page"}],"author":[{"embeddable":true,"href":"https:\/\/www.tresg3.com.mx\/index.php?rest_route=\/wp\/v2\/users\/1"}],"replies":[{"embeddable":true,"href":"https:\/\/www.tresg3.com.mx\/index.php?rest_route=%2Fwp%2Fv2%2Fcomments&post=72"}],"version-history":[{"count":43,"href":"https:\/\/www.tresg3.com.mx\/index.php?rest_route=\/wp\/v2\/pages\/72\/revisions"}],"predecessor-version":[{"id":3845,"href":"https:\/\/www.tresg3.com.mx\/index.php?rest_route=\/wp\/v2\/pages\/72\/revisions\/3845"}],"wp:attachment":[{"href":"https:\/\/www.tresg3.com.mx\/index.php?rest_route=%2Fwp%2Fv2%2Fmedia&parent=72"}],"curies":[{"name":"wp","href":"https:\/\/api.w.org\/{rel}","templated":true}]}}